{"id":18925,"date":"2025-11-13T12:40:05","date_gmt":"2025-11-13T10:40:05","guid":{"rendered":"https:\/\/failp.it\/?page_id=18925"},"modified":"2025-11-13T13:03:24","modified_gmt":"2025-11-13T11:03:24","slug":"privacy","status":"publish","type":"page","link":"https:\/\/failp.it\/?page_id=18925","title":{"rendered":"Privacy"},"content":{"rendered":"<article id=\"post-8643\" class=\"post-single page-single post-8643 page type-page status-publish hentry has_no_thumb\">\n<h1 class=\"post-title\">Trattamento dei cookies<\/h1>\n<div class=\"post-content\">\n<h3><\/h3>\n<h3><strong>INFORMATIVA EX ART. 13 REGOLAMENTO UE 2016\/679<\/strong><br \/>\n<strong>REGOLAMENTO GENERALE SULLA PROTEZIONE DEI DATI PERSONALI<\/strong><br \/>\n<strong>PRIVACY POLICY<\/strong><\/h3>\n<p>In questa informativa la Failp Cisal (infra anche <strong>Titolare<\/strong>) le d\u00e0 atto di quelle che sono le proprie politiche di trattamento dei dati personali. L\u2019informativa \u00e8 resa ai sensi dell\u2019art. 13 del Regolamento UE 2016\/679 \u2013 Regolamento generale sulla protezione dei dati personali (infra: <strong>Regolamento<\/strong>).<br \/>\n<strong>A) TITOLARE DEL TRATTAMENTO<\/strong><br \/>\nTitolare del trattamento dei suoi dati personali \u00e8 FAILP CISAL, Via Barberini, 36 \u2013 Roma \u2013 00187.<br \/>\n<strong>B) RESPONSABILE DEL TRATTAMENTO<\/strong><br \/>\nIl Responsabile del trattamento dei dati \u00e8 stato nominato dal Titolare. FAILP CISAL si serve di alcuni soggetti terzi che svolgono per suo conto attivit\u00e0 che comportano anche il trattamento di dati personali di cui \u00e8 titolare FAILP CISAL.<br \/>\n<strong>C) DATI DI TERZI FORNITI VOLONTARIAMENTE DALL\u2019UTENTE<\/strong><br \/>\nNell\u2019utilizzo di particolari servizi potrebbe verificarsi un trattamento di dati personali di terzi soggetti, da lei comunicati a FAILP CISAL. Rispetto a queste ipotesi, lei si pone come autonomo titolare del trattamento, assumendosi tutti gli obblighi e le responsabilit\u00e0 di legge. In tal senso, lei conferisce sul punto la pi\u00f9 ampia manleva rispetto ad ogni contestazione, pretesa, richiesta di risarcimento del danno da trattamento, etc. che dovesse pervenire al Titolare del trattamento da terzi soggetti i cui dati personali siano stati trattati attraverso il suo utilizzo dei servizi in violazione delle norme sulla tutela dei dati personali applicabili. In ogni caso, qualora lei fornisca o in altro modo tratti dati personali di terzi, garantisce fin da ora \u2013 assumendosene ogni connessa responsabilit\u00e0 \u2013 che tale particolare ipotesi di trattamento si fonda sulla previa acquisizione \u2013 da parte sua \u2013 del consenso del terzo al trattamento delle informazioni che lo riguardano.<br \/>\n<strong>D) DESTINATARI E TRASFERIMENTO DI DATI PERSONALI<\/strong><br \/>\nI suoi dati personali potranno essere condivisi con:<br \/>\n1.\u00a0 \u00a0persone, societ\u00e0 o studi professionali che prestano attivit\u00e0 di assistenza e consulenza al FAILP CISAL in materia contabile,\u00a0\u00a0 \u00a0\u00a0\u00a0 \u00a0 \u00a0 \u00a0 \u00a0 \u00a0\u00a0\u00a0\u00a0\u00a0 amministrativa, legale, tributaria e finanziaria relativamente allo svolgimento delle attivit\u00e0;<br \/>\n2.\u00a0 \u00a0soggetti, enti od autorit\u00e0 a cui la comunicazione dei suoi dati personali sia obbligatoria in forza di disposizioni di legge\u00a0 \u00a0 \u00a0 \u00a0 \u00a0 \u00a0 \u00a0 \u00a0 \u00a0 \u00a0 \u00a0 \u00a0 \u00a0 \u00a0 o di regolamento o di ordini delle autorit\u00e0;<br \/>\n3.\u00a0\u00a0\u00a0societ\u00e0 controllanti, controllate e collegate al FAILP CISAL limitatamente al perseguimento di finalit\u00e0 amministrativo-contabili\u00a0 \u00a0 \u00a0\u00a0 \u00a0 \u00a0 \u00a0 \u00a0 connesse allo svolgimento delle attivit\u00e0 di natura organizzativa, amministrativa, finanziaria e contabile;<br \/>\nInoltre, i suoi dati personali potranno essere trattati da soggetti o categorie di soggetti che agiscono come Responsabili del trattamento ai sensi dell\u2019art. 28 del Regolamento o che sono autorizzati al trattamento dei dati ai sensi dell\u2019art. 29 del Regolamento.<br \/>\nInfine, FAILP CISAL si riserva la possibilit\u00e0 di pubblicare immagini relative ai propri eventi\/manifestazioni o semplicemente legate alle normali attivit\u00e0 svolte all\u2019interno del FAILP CISAL, al fine di dare visibilit\u00e0 alle proprie attivit\u00e0, nonch\u00e9 per finalit\u00e0 di natura commerciale. Pertanto, dietro suo specifico consenso, la sua immagine, raccolta all\u2019interno del FAILP CISAL e\/o raccolta in occasione della sua partecipazione ad eventi\/manifestazioni del FAILP CISAL, potrebbe essere diffusa sui canali di comunicazione a disposizione del FAILP CISAL, quali a titolo esemplificativo e non esaustivo: newsletter elettronica, pagine ufficiali del FAILP CISAL sui social network, sito Internet del Titolare (www.FAILPCISAL.it \u2013 infra Sito). Al di fuori delle suindicate ipotesi, i suoi dati non saranno oggetto di comunicazione se non nei confronti di soggetti, enti o Autorit\u00e0 verso cui la comunicazione sia obbligatoria in forza di disposizioni di legge o di regolamento.<br \/>\nAlcuni dei suoi dati personali sono condivisi con destinatari che si potrebbero trovare al di fuori dello Spazio Economico Europeo. FAILP CISAL assicura che il trattamento dei suoi dati personali da parte di questi destinatari avviene nel rispetto del Regolamento. Invero, i trasferimenti si possono basare su una decisione di adeguatezza o sulle Standard Contractual Clauses approvate dalla Commissione Europea.<br \/>\n<strong>E) CONSERVAZIONE DI DATI PERSONALI<\/strong><br \/>\nI suoi Dati Personali, anche appartenenti a categorie particolari di dati, saranno trattati con strumenti automatizzati e non, e saranno conservati per il tempo necessario al perseguimento delle finalit\u00e0 concretamente perseguite. \u00c8 fatto salvo in ogni caso l\u2019ulteriore conservazione prevista dalla normativa applicabile tra cui quella prevista dall\u2019art. 2946 cod. civ.<br \/>\n<strong>F) DIRITTI DEGLI INTERESSATI (cfr. artt. 15- 22 del Regolamento)<\/strong><br \/>\nLei ha diritto di chiedere al FAILP CISAL in qualunque momento, l\u2019accesso ai suoi dati personali, la rettifica o la cancellazione degli stessi o di opporsi al loro trattamento, ha diritto di richiedere la limitazione del trattamento nei casi previsti dall\u2019art. 18 del Regolamento, nonch\u00e9 di ottenere in un formato strutturato, di uso comune e leggibile da dispositivo automatico i dati che la riguardano, nei casi previsti dall\u2019art. 20 del Regolamento.<br \/>\nLei ha il diritto di revocare, in qualsiasi momento, il consenso al trattamento dei suoi dati personali per la finalit\u00e0 di cui al punto E, 4\u00b0, 5\u00b0 e 6\u00b0 capoverso. L\u2019eventuale revoca non pregiudicher\u00e0 la liceit\u00e0 del trattamento basata sul consenso prestato prima della revoca.<br \/>\nIn ogni caso lei ha sempre diritto di proporre reclamo all\u2019autorit\u00e0 di controllo competente (Garante per la Protezione dei Dati Personali), ai sensi dell\u2019art. 77 del Regolamento, qualora ritenga che il trattamento dei suoi dati sia contrario alla normativa in vigore.<br \/>\nLe richieste vanno rivolte per iscritto ai recapiti del Titolare, scrivendo a: FAILP CISAL, Via Barberini, 36 \u2013 Roma \u2013 00187. Mail: failp@failp.it.<\/p>\n<\/div>\n<\/article>\n","protected":false},"excerpt":{"rendered":"<p>Trattamento dei cookies INFORMATIVA EX ART. 13 REGOLAMENTO UE 2016\/679 REGOLAMENTO GENERALE SULLA PROTEZIONE DEI DATI PERSONALI PRIVACY POLICY In questa informativa la Failp Cisal (infra anche Titolare) le d\u00e0 atto di quelle che sono le proprie politiche di trattamento dei dati personali. L\u2019informativa \u00e8 resa ai sensi dell\u2019art. 13 del Regolamento UE 2016\/679 \u2013 Regolamento generale sulla protezione dei dati personali (infra: Regolamento). A) TITOLARE DEL TRATTAMENTO Titolare del trattamento dei suoi dati personali \u00e8 FAILP CISAL, Via Barberini, 36 \u2013 Roma \u2013 00187. B) RESPONSABILE DEL TRATTAMENTO Il Responsabile del trattamento dei dati \u00e8 stato nominato dal Titolare. FAILP CISAL si serve di alcuni soggetti terzi che svolgono per suo conto attivit\u00e0 che comportano anche il trattamento di dati personali di cui \u00e8 titolare FAILP CISAL. C) DATI DI TERZI FORNITI VOLONTARIAMENTE DALL\u2019UTENTE Nell\u2019utilizzo di particolari servizi potrebbe verificarsi un trattamento di dati personali di terzi soggetti, da lei comunicati a FAILP CISAL. Rispetto a queste ipotesi, lei si pone come autonomo titolare del trattamento, assumendosi tutti gli obblighi e le responsabilit\u00e0 di legge. In tal senso, lei conferisce sul punto la pi\u00f9 ampia manleva rispetto ad ogni contestazione, pretesa, richiesta di risarcimento del danno da trattamento, etc. che dovesse pervenire al Titolare del trattamento da terzi soggetti i cui dati personali siano stati trattati attraverso il suo utilizzo dei servizi in violazione delle norme sulla tutela dei dati personali applicabili. In ogni caso, qualora lei fornisca o in altro modo tratti dati personali di terzi, garantisce fin da ora \u2013 assumendosene ogni [&hellip;]<\/p>\n","protected":false},"author":1,"featured_media":0,"parent":0,"menu_order":0,"comment_status":"closed","ping_status":"closed","template":"","meta":[],"_links":{"self":[{"href":"https:\/\/failp.it\/index.php?rest_route=\/wp\/v2\/pages\/18925"}],"collection":[{"href":"https:\/\/failp.it\/index.php?rest_route=\/wp\/v2\/pages"}],"about":[{"href":"https:\/\/failp.it\/index.php?rest_route=\/wp\/v2\/types\/page"}],"author":[{"embeddable":true,"href":"https:\/\/failp.it\/index.php?rest_route=\/wp\/v2\/users\/1"}],"replies":[{"embeddable":true,"href":"https:\/\/failp.it\/index.php?rest_route=%2Fwp%2Fv2%2Fcomments&post=18925"}],"version-history":[{"count":4,"href":"https:\/\/failp.it\/index.php?rest_route=\/wp\/v2\/pages\/18925\/revisions"}],"predecessor-version":[{"id":18938,"href":"https:\/\/failp.it\/index.php?rest_route=\/wp\/v2\/pages\/18925\/revisions\/18938"}],"wp:attachment":[{"href":"https:\/\/failp.it\/index.php?rest_route=%2Fwp%2Fv2%2Fmedia&parent=18925"}],"curies":[{"name":"wp","href":"https:\/\/api.w.org\/{rel}","templated":true}]}}